{"id":143,"date":"2020-07-08T18:04:34","date_gmt":"2020-07-08T16:04:34","guid":{"rendered":"http:\/\/groupecomas.com\/?page_id=143"},"modified":"2020-07-08T18:04:34","modified_gmt":"2020-07-08T16:04:34","slug":"bois-de-chauffage","status":"publish","type":"page","link":"http:\/\/www.comas-emballage.fr\/?page_id=143","title":{"rendered":"Bois de Chauffage"},"content":{"rendered":"\n<h3 class=\"wp-block-heading\">Noyaux de d\u00e9roulage<\/h3>\n\n\n\n<p>Notre production de cagettes entra\u00eene des rejets ou des d\u00e9chets qui peuvent \u00eatre utilis\u00e9s comme bois de chauffage.<\/p>\n\n\n\n<figure class=\"wp-block-image size-large is-resized\"><img loading=\"lazy\" decoding=\"async\" src=\"https:\/\/www.groupecomas.com\/wp-content\/uploads\/2020\/10\/Bois-de-chauffage.jpeg\" alt=\"\" class=\"wp-image-691\" width=\"793\" height=\"227\"\/><\/figure>\n\n\n\n<p>Lors de la fabrication d&rsquo;une cagette, nous \u00ab\u00a0d\u00e9roulons\u00a0\u00bb un billon afin d&rsquo;en faire des planchettes que nous utilisons pour faire les fonds ou c\u00f4t\u00e9s d&rsquo;une cagette. Seulement, lors du d\u00e9roulage, nous ne pouvons utiliser le c\u0153ur de l&rsquo;arbre (que l&rsquo;on appelle le noyau), il reste donc une grande b\u00fbche ronde qui peut \u00eatre utilis\u00e9e en bois de chauffage une fois qu&rsquo;elle est bien s\u00e8che.<\/p>\n\n\n\n<h3 class=\"wp-block-heading\">Dimensions<\/h3>\n\n\n\n<p>Nos noyaux font 10 cm de diam\u00e8tre, avec 2 longueurs possibles:<\/p>\n\n\n\n<ul class=\"wp-block-list\"><li>en 62 cm de long<\/li><li>en 82 cm de long<\/li><\/ul>\n\n\n\n<p>Il y a environ 100 noyaux par st\u00e8re. Nos noyaux sont rang\u00e9s dans des caisses contenant 2 st\u00e8res.<\/p>\n\n\n\n<h3 class=\"wp-block-heading\">Pouvoir calorifique<\/h3>\n\n\n\n<p>Le&nbsp;<strong>pouvoir calorifique<\/strong>&nbsp;du bois varie peu d&rsquo;une&nbsp;<strong>essence&nbsp;\u00e0 une autre.<\/strong> Il d\u00e9pend essentiellement de son poids et de son taux d&rsquo;humidit\u00e9. Ainsi, 10kg de ch\u00eane sec d\u00e9gageront autant de chaleur que 10kg de peuplier sec.<\/p>\n\n\n\n<p><strong>Les feuillus produisent 4300 kcal par kg<\/strong> lorsque le bois est parfaitement sec. Lorsque le bois est frais, donc humide, le taux peut descendre \u00e0 2 000 kcal par kg. Il est donc important de br\u00fbler du bois le plus sec possible!<\/p>\n\n\n\n<h3 class=\"wp-block-heading\">Faut-il acheter le bois de chauffage au st\u00e8re, \u00e0 la tonne?<\/h3>\n\n\n\n<p>Logiquement, <strong>il faudrait acheter son bois au poids (\u00e0 la tonne) plut\u00f4t qu&rsquo;au volume<\/strong>, parce que le client recherche un pouvoir calorifique. Et ce pouvoir d\u00e9pend principalement du poids! Pour calculer le pouvoir calorifique d&rsquo;un st\u00e8re, il faut r\u00e9aliser une op\u00e9ration complexe, qui d\u00e9pend de la longueur des b\u00fbches, du volume d&rsquo;air perdu entre les b\u00fbches (ou coefficient de vide),  et de la densit\u00e9 du bois. Tout cela pour parvenir au calcul du poids, qui se transforme alors ais\u00e9ment en pouvoir calorifique!<\/p>\n\n\n\n<figure class=\"wp-block-image size-large is-resized\"><img loading=\"lazy\" decoding=\"async\" src=\"https:\/\/www.groupecomas.com\/wp-content\/uploads\/2020\/10\/Pouvoir-calorifique-1024x227.jpg\" alt=\"\" class=\"wp-image-696\" width=\"777\" height=\"172\"\/><figcaption><em>Vaut mieux avoir Bac+18<\/em><\/figcaption><\/figure>\n\n\n\n<h3 class=\"wp-block-heading\">Quelle essence de bois acheter?<\/h3>\n\n\n\n<p><strong>Tout d\u00e9pend du prix du st\u00e8re!<\/strong><\/p>\n\n\n\n<p>Un st\u00e8re de peuplier produit 55% de la chaleur d&rsquo;un st\u00e8re de feuillu dur, car c&rsquo;est un bois plus l\u00e9ger (moins dense).<\/p>\n\n\n\n<div class=\"wp-block-image\"><figure class=\"aligncenter is-resized\"><img loading=\"lazy\" decoding=\"async\" src=\"https:\/\/www.groupecomas.com\/wp-content\/uploads\/2020\/10\/Pouvoir-calorifique-stere-1024x230.jpg\" alt=\"L\u2019attribut alt de cette image est vide, son nom de fichier est Pouvoir-calorifique-stere-1024x230.jpg.\" width=\"874\" height=\"196\"\/><\/figure><\/div>\n\n\n\n<h3 class=\"wp-block-heading\">Convaincu?<\/h3>\n\n\n\n<p>Nous vendons du bois de chauffage \u00e0 27\u20ac HT le st\u00e8re, c&rsquo;est comme payer du feuillu dur \u00e0 49\u20ac HT le st\u00e8re (soit 54\u20ac TTC) et c&rsquo;est une tr\u00e8s bonne affaire! <\/p>\n\n\n\n<p>La seule contrainte, il faut venir le chercher sur place! <\/p>\n","protected":false},"excerpt":{"rendered":"<p>Noyaux de d\u00e9roulage Notre production de cagettes entra\u00eene des rejets ou des d\u00e9chets qui peuvent \u00eatre utilis\u00e9s comme bois de chauffage. Lors de la fabrication d&rsquo;une cagette, nous \u00ab\u00a0d\u00e9roulons\u00a0\u00bb un billon afin d&rsquo;en faire des planchettes que nous utilisons pour faire les fonds ou c\u00f4t\u00e9s d&rsquo;une cagette. Seulement, lors du d\u00e9roulage, nous ne pouvons utiliser [&hellip;]<\/p>\n","protected":false},"author":3,"featured_media":0,"parent":0,"menu_order":0,"comment_status":"closed","ping_status":"closed","template":"","meta":{"footnotes":""},"class_list":["post-143","page","type-page","status-publish","hentry"],"_links":{"self":[{"href":"http:\/\/www.comas-emballage.fr\/index.php?rest_route=\/wp\/v2\/pages\/143","targetHints":{"allow":["GET"]}}],"collection":[{"href":"http:\/\/www.comas-emballage.fr\/index.php?rest_route=\/wp\/v2\/pages"}],"about":[{"href":"http:\/\/www.comas-emballage.fr\/index.php?rest_route=\/wp\/v2\/types\/page"}],"author":[{"embeddable":true,"href":"http:\/\/www.comas-emballage.fr\/index.php?rest_route=\/wp\/v2\/users\/3"}],"replies":[{"embeddable":true,"href":"http:\/\/www.comas-emballage.fr\/index.php?rest_route=%2Fwp%2Fv2%2Fcomments&post=143"}],"version-history":[{"count":0,"href":"http:\/\/www.comas-emballage.fr\/index.php?rest_route=\/wp\/v2\/pages\/143\/revisions"}],"wp:attachment":[{"href":"http:\/\/www.comas-emballage.fr\/index.php?rest_route=%2Fwp%2Fv2%2Fmedia&parent=143"}],"curies":[{"name":"wp","href":"https:\/\/api.w.org\/{rel}","templated":true}]}}