{"id":128,"date":"2020-07-08T17:48:24","date_gmt":"2020-07-08T15:48:24","guid":{"rendered":"http:\/\/groupecomas.com\/?page_id=128"},"modified":"2020-07-08T17:48:24","modified_gmt":"2020-07-08T15:48:24","slug":"paillage-et-copeaux","status":"publish","type":"page","link":"https:\/\/www.comas-emballage.fr\/?page_id=128","title":{"rendered":"Paillage et Copeaux"},"content":{"rendered":"\n<p>Tous nos r\u00e9sidus de fabrication sont broy\u00e9s pour \u00eatre utilis\u00e9s en paillage, en compost ou en mati\u00e8re \u00e9nerg\u00e9tique pour les chaufferies bio-masse.<\/p>\n\n\n\n<figure class=\"wp-block-image size-large is-resized\"><img loading=\"lazy\" decoding=\"async\" src=\"http:\/\/groupecomas.com\/wp-content\/uploads\/2020\/07\/2019-Plaquettes-e1594383392390.jpg\" alt=\"Plaquettes &amp; copeaux\" class=\"wp-image-469\" width=\"789\" height=\"234\"\/><\/figure>\n\n\n\n<h3 class=\"wp-block-heading\">Paillage<\/h3>\n\n\n\n<p>Le paillage de peuplier, ou mulch de peuplier, est un <strong>produit 100% naturel<\/strong> et biod\u00e9gradable. Il est \u00e0 la fois un ornement et un amendement\u00a0pour vos plantations d\u2019arbres, d\u2019arbustes, vos potagers et vos massifs.<\/p>\n\n\n\n<p>Il apporte en se d\u00e9composant\u00a0des <strong>\u00e9l\u00e9ments nutritifs b\u00e9n\u00e9fiques au sol<\/strong>.\u00a0De plus, il r\u00e9duit les arrosages, limite l\u2019\u00e9vaporation et les\u00a0ph\u00e9nom\u00e8nes d\u2019\u00e9rosion, tout en \u00e9vitant la repousse des mauvaises herbes.<\/p>\n\n\n\n<p>Contrairement aux conif\u00e8res, <strong>son pH est neutre<\/strong> et il ne diffuse pas de tanins.<\/p>\n\n\n\n<p>En r\u00e9sum\u00e9, le paillage permet de:<\/p>\n\n\n\n<ul class=\"wp-block-list\"><li>Stopper l\u2019utilisation de d\u00e9sherbants chimiques<\/li><li>Supprimer le binage<\/li><li>R\u00e9duire les besoins en arrosage<\/li><li>Prot\u00e9ger du gel et des grandes chaleurs<\/li><\/ul>\n\n\n\n<h3 class=\"wp-block-heading\">Dans les vignes<\/h3>\n\n\n\n<p>Utilis\u00e9 traditionnellement en Champagne, l&rsquo;\u00e9pandage d&rsquo;\u00e9corces, de copeaux ou de paillis permet de combattre l&rsquo;\u00e9rosion des sols, r\u00e9duire les \u00e9carts de temp\u00e9rature, limiter les adventices par son effet mulch (et donc limiter le d\u00e9sherbage) et apporter de la mati\u00e8re organique.<\/p>\n\n\n\n<p>Vous pouvez consulter notre <a href=\"https:\/\/www.groupecomas.com\/wp-content\/uploads\/2020\/10\/Emballages-Comas-plaquette-peuplier.pdf\" target=\"_blank\" rel=\"noreferrer noopener\">fiche technique en ligne<\/a>.<\/p>\n\n\n\n<ul class=\"wp-block-list\"><li>Nos ressources en bois sont locales, nos approvisionnements se font jusqu&rsquo;\u00e0 250 km autour de notre usine<\/li><li>Nos bois ne sont pas trait\u00e9s<\/li><\/ul>\n\n\n\n<p>Nous exp\u00e9dions par camion complet; les particuliers peuvent venir charger leur remorque directement \u00e0 l&rsquo;usine de Jayat.<\/p>\n\n\n\n<p>Nous pouvons fournir des copeaux, de la sciure et des \u00e9corces.<\/p>\n\n\n\n<p><\/p>\n","protected":false},"excerpt":{"rendered":"<p>Tous nos r\u00e9sidus de fabrication sont broy\u00e9s pour \u00eatre utilis\u00e9s en paillage, en compost ou en mati\u00e8re \u00e9nerg\u00e9tique pour les chaufferies bio-masse. Paillage Le paillage de peuplier, ou mulch de peuplier, est un produit 100% naturel et biod\u00e9gradable. Il est \u00e0 la fois un ornement et un amendement\u00a0pour vos plantations d\u2019arbres, d\u2019arbustes, vos potagers et [&hellip;]<\/p>\n","protected":false},"author":3,"featured_media":0,"parent":0,"menu_order":0,"comment_status":"closed","ping_status":"closed","template":"","meta":{"footnotes":""},"class_list":["post-128","page","type-page","status-publish","hentry"],"_links":{"self":[{"href":"https:\/\/www.comas-emballage.fr\/index.php?rest_route=\/wp\/v2\/pages\/128","targetHints":{"allow":["GET"]}}],"collection":[{"href":"https:\/\/www.comas-emballage.fr\/index.php?rest_route=\/wp\/v2\/pages"}],"about":[{"href":"https:\/\/www.comas-emballage.fr\/index.php?rest_route=\/wp\/v2\/types\/page"}],"author":[{"embeddable":true,"href":"https:\/\/www.comas-emballage.fr\/index.php?rest_route=\/wp\/v2\/users\/3"}],"replies":[{"embeddable":true,"href":"https:\/\/www.comas-emballage.fr\/index.php?rest_route=%2Fwp%2Fv2%2Fcomments&post=128"}],"version-history":[{"count":0,"href":"https:\/\/www.comas-emballage.fr\/index.php?rest_route=\/wp\/v2\/pages\/128\/revisions"}],"wp:attachment":[{"href":"https:\/\/www.comas-emballage.fr\/index.php?rest_route=%2Fwp%2Fv2%2Fmedia&parent=128"}],"curies":[{"name":"wp","href":"https:\/\/api.w.org\/{rel}","templated":true}]}}