{"id":131,"date":"2020-07-08T17:51:08","date_gmt":"2020-07-08T15:51:08","guid":{"rendered":"http:\/\/groupecomas.com\/?page_id=131"},"modified":"2020-07-08T17:51:08","modified_gmt":"2020-07-08T15:51:08","slug":"caissette","status":"publish","type":"page","link":"https:\/\/www.comas-emballage.fr\/?page_id=131","title":{"rendered":"Caissette"},"content":{"rendered":"\n<p>Nous fabriquons des caisses en bois pour le transport et l&rsquo;affinage du fromage depuis plus de 40 ans. Beaucoup de clients d\u00e9tournent aussi ces caisses pour en faire de magnifiques emballages de vente pour leur produits alimentaires!<\/p>\n\n\n\n<h2 class=\"has-text-align-left wp-block-heading\">Caisses \u00e0 fromages<\/h2>\n\n\n\n<figure class=\"wp-block-image size-large is-resized\"><img loading=\"lazy\" decoding=\"async\" src=\"http:\/\/groupecomas.com\/wp-content\/uploads\/2020\/07\/Sein-de-nounou-X1-3-mod\u00e8les-1-1024x374.jpg\" alt=\"\" class=\"wp-image-426\" width=\"784\" height=\"286\"\/><\/figure>\n\n\n\n<p>Nous fabriquons des caisses \u00e0 fromage de toutes dimensions, que nous exp\u00e9dions dans toute la France.<\/p>\n\n\n\n<p>Nous travaillons avec tous types de fromageries ou d&rsquo;affineurs, et notre liste de mod\u00e8les est assez longue! Vous pouvez la consulter en cliquant ici.<\/p>\n\n\n\n<p>Nous pouvons travailler avec vous sur un mod\u00e8le personnalis\u00e9<\/p>\n\n\n\n<h3 class=\"wp-block-heading\">Principe de montage<\/h3>\n\n\n\n<ul class=\"wp-block-list\"><li><strong>Proc\u00e9d\u00e9 d\u2019assemblage<\/strong>: la largeur de la caisse est constitu\u00e9e de bois plus \u00e9pais (8-9mm), dans lequel viennent s\u2019agrafer deux c\u00f4t\u00e9s plus fins (3-4mm), ainsi que les lattes de fond<\/li><\/ul>\n\n\n\n<figure class=\"wp-block-image size-large is-resized\"><img loading=\"lazy\" decoding=\"async\" src=\"http:\/\/groupecomas.com\/wp-content\/uploads\/2020\/10\/Assemblage-1024x586.png\" alt=\"\" class=\"wp-image-651\" width=\"777\" height=\"445\"\/><\/figure>\n\n\n\n<ul class=\"wp-block-list\"><li><strong>Dimensions int\u00e9rieures<\/strong>:<strong> <\/strong>de 5 \u00e0 100 cm, pour toutes les longueurs ou largeurs, profondeur de 3 \u00e0 30 cm<\/li><li><strong>Fonds<\/strong>: pleins ou \u00e0 latte, avec espacement adapt\u00e9 \u00e0 vos fromages<\/li><li><strong>Options<\/strong>: fermeture par latte, couvercle, barrettes<\/li><\/ul>\n\n\n\n<figure class=\"wp-block-image size-large is-resized\"><img loading=\"lazy\" decoding=\"async\" src=\"http:\/\/groupecomas.com\/wp-content\/uploads\/2020\/07\/20171018C-scaled-e1594381856276-1024x453.jpg\" alt=\"\" class=\"wp-image-437\" width=\"761\" height=\"336\"\/><\/figure>\n\n\n\n<h3 class=\"wp-block-heading\">Marquage<\/h3>\n\n\n\n<ul class=\"wp-block-list\" id=\"block-0649cc91-9170-4b37-a34f-f01f962b23b2\"><li>Nous marquons par br\u00fblage laser les caissettes \u00e0 votre logo; un simple fichier num\u00e9rique suffit, vectoris\u00e9 (de type *.pdf ou *.ai par exemple)<\/li><li>Le br\u00fblage ne n\u00e9cessite aucune encre et am\u00e9liore encore le c\u00f4t\u00e9 naturel et alimentaire de la caissette en bois<\/li><\/ul>\n\n\n\n<figure class=\"wp-block-image size-large\"><img decoding=\"async\" src=\"https:\/\/groupecomas.com\/wp-content\/uploads\/2020\/10\/Fromage-Fermier-Bourgogne-2-1024x442.jpg\" alt=\"\" class=\"wp-image-654\"\/><\/figure>\n\n\n\n<h3 class=\"wp-block-heading\">Quantit\u00e9s<\/h3>\n\n\n\n<p>Les caissettes sont exp\u00e9di\u00e9es \u00e0 la palette; consultez notre catalogue pour trouver le mod\u00e8le qui vous correspond et les quantit\u00e9s associ\u00e9es.<\/p>\n\n\n\n<p>Nous pouvons travailler sur des quantit\u00e9s inf\u00e9rieures, ou sur des prototypes sp\u00e9ciaux. Un surco\u00fbt est \u00e0 pr\u00e9voir.<\/p>\n\n\n\n<p>Nous exp\u00e9dions dans toute la France, mais aussi en Europe. De nombreux clients au Royaume-Uni, en Belgique, en Suisse et en Allemagne nous font confiance!<\/p>\n\n\n\n<h2 class=\"has-text-align-left wp-block-heading\">Emballages de vente<\/h2>\n\n\n\n<h4 class=\"wp-block-heading\">Sur-mesure<\/h4>\n\n\n\n<figure class=\"wp-block-image size-large\"><img decoding=\"async\" src=\"https:\/\/groupecomas.com\/wp-content\/uploads\/2020\/10\/2018-Oh-Gourmand-1024x397.jpg\" alt=\"\" class=\"wp-image-656\"\/><\/figure>\n\n\n\n<p>Nous travaillons sur vos projets sp\u00e9ciaux afin de mettre en valeur la qualit\u00e9 de vos produits. Nous pouvons r\u00e9aliser tous les mod\u00e8les et toutes les dimensions, votre caisse sera fabriqu\u00e9e sur mesure, au millim\u00e8tre pr\u00e8s !<\/p>\n\n\n\n<p>Retrouvez toutes nos innovations dans la rubrique <a href=\"https:\/\/groupecomas.com\/category\/innovations\/\">Innovations<\/a>!<\/p>\n\n\n\n<h4 class=\"wp-block-heading\">Alimentarit\u00e9<\/h4>\n\n\n\n<ul class=\"wp-block-list\"><li>Toutes nos caisses en bois sont certifi\u00e9es pour le contact alimentaire direct<\/li><li>Nous respectons les normes d&rsquo;hygi\u00e8ne les plus strictes, avec contr\u00f4le r\u00e9gulier par un organisme ind\u00e9pendant<\/li><\/ul>\n","protected":false},"excerpt":{"rendered":"<p>Nous fabriquons des caisses en bois pour le transport et l&rsquo;affinage du fromage depuis plus de 40 ans. Beaucoup de clients d\u00e9tournent aussi ces caisses pour en faire de magnifiques emballages de vente pour leur produits alimentaires! Caisses \u00e0 fromages Nous fabriquons des caisses \u00e0 fromage de toutes dimensions, que nous exp\u00e9dions dans toute la [&hellip;]<\/p>\n","protected":false},"author":3,"featured_media":0,"parent":0,"menu_order":0,"comment_status":"closed","ping_status":"closed","template":"","meta":{"footnotes":""},"class_list":["post-131","page","type-page","status-publish","hentry"],"_links":{"self":[{"href":"https:\/\/www.comas-emballage.fr\/index.php?rest_route=\/wp\/v2\/pages\/131","targetHints":{"allow":["GET"]}}],"collection":[{"href":"https:\/\/www.comas-emballage.fr\/index.php?rest_route=\/wp\/v2\/pages"}],"about":[{"href":"https:\/\/www.comas-emballage.fr\/index.php?rest_route=\/wp\/v2\/types\/page"}],"author":[{"embeddable":true,"href":"https:\/\/www.comas-emballage.fr\/index.php?rest_route=\/wp\/v2\/users\/3"}],"replies":[{"embeddable":true,"href":"https:\/\/www.comas-emballage.fr\/index.php?rest_route=%2Fwp%2Fv2%2Fcomments&post=131"}],"version-history":[{"count":0,"href":"https:\/\/www.comas-emballage.fr\/index.php?rest_route=\/wp\/v2\/pages\/131\/revisions"}],"wp:attachment":[{"href":"https:\/\/www.comas-emballage.fr\/index.php?rest_route=%2Fwp%2Fv2%2Fmedia&parent=131"}],"curies":[{"name":"wp","href":"https:\/\/api.w.org\/{rel}","templated":true}]}}