{"id":146,"date":"2020-07-08T18:08:15","date_gmt":"2020-07-08T16:08:15","guid":{"rendered":"http:\/\/groupecomas.com\/?page_id=146"},"modified":"2020-07-08T18:08:15","modified_gmt":"2020-07-08T16:08:15","slug":"coffrets","status":"publish","type":"page","link":"https:\/\/www.comas-emballage.fr\/?page_id=146","title":{"rendered":"Coffrets"},"content":{"rendered":"\n<h3 class=\"wp-block-heading\">Emballages naturel sobre<\/h3>\n\n\n\n<p>Les Emballages Comas produisent des coffrets permettant de mettre en valeur vos produits sous un format naturel en bois. <\/p>\n\n\n\n<p>Cela permet ainsi que couvrir votre marchandise et de lui donner un air sobre et \u00e9thique. <\/p>\n\n\n\n<figure class=\"wp-block-image size-large is-resized\"><img loading=\"lazy\" decoding=\"async\" src=\"http:\/\/groupecomas.com\/wp-content\/uploads\/2020\/07\/20200122_152459-scaled-e1594383213658-1024x612.jpg\" alt=\"\" class=\"wp-image-500\" width=\"588\" height=\"351\"\/><\/figure>\n\n\n\n<div style=\"height:20px\" aria-hidden=\"true\" class=\"wp-block-spacer\"><\/div>\n\n\n\n<p>La gravure est un r\u00e9el b\u00e9n\u00e9fice car cela va permettre de personnaliser les coffrets comme bon vous semble.<\/p>\n\n\n\n<p><\/p>\n","protected":false},"excerpt":{"rendered":"<p>Emballages naturel sobre Les Emballages Comas produisent des coffrets permettant de mettre en valeur vos produits sous un format naturel en bois. Cela permet ainsi que couvrir votre marchandise et de lui donner un air sobre et \u00e9thique. La gravure est un r\u00e9el b\u00e9n\u00e9fice car cela va permettre de personnaliser les coffrets comme bon vous [&hellip;]<\/p>\n","protected":false},"author":3,"featured_media":0,"parent":0,"menu_order":0,"comment_status":"closed","ping_status":"closed","template":"","meta":{"footnotes":""},"class_list":["post-146","page","type-page","status-publish","hentry"],"_links":{"self":[{"href":"https:\/\/www.comas-emballage.fr\/index.php?rest_route=\/wp\/v2\/pages\/146","targetHints":{"allow":["GET"]}}],"collection":[{"href":"https:\/\/www.comas-emballage.fr\/index.php?rest_route=\/wp\/v2\/pages"}],"about":[{"href":"https:\/\/www.comas-emballage.fr\/index.php?rest_route=\/wp\/v2\/types\/page"}],"author":[{"embeddable":true,"href":"https:\/\/www.comas-emballage.fr\/index.php?rest_route=\/wp\/v2\/users\/3"}],"replies":[{"embeddable":true,"href":"https:\/\/www.comas-emballage.fr\/index.php?rest_route=%2Fwp%2Fv2%2Fcomments&post=146"}],"version-history":[{"count":0,"href":"https:\/\/www.comas-emballage.fr\/index.php?rest_route=\/wp\/v2\/pages\/146\/revisions"}],"wp:attachment":[{"href":"https:\/\/www.comas-emballage.fr\/index.php?rest_route=%2Fwp%2Fv2%2Fmedia&parent=146"}],"curies":[{"name":"wp","href":"https:\/\/api.w.org\/{rel}","templated":true}]}}